{"id":14398,"date":"2022-01-15T18:12:59","date_gmt":"2022-01-15T18:12:59","guid":{"rendered":"https:\/\/www.lievick.com\/?post_type=product&#038;p=14398"},"modified":"2025-10-07T08:46:29","modified_gmt":"2025-10-07T08:46:29","slug":"o-nou","status":"publish","type":"product","link":"https:\/\/www.lievick.com\/en\/shop\/o-nou\/","title":{"rendered":"O NOU"},"content":{"rendered":"<h3>Warranty<\/h3>\n<p class=\"translation-block\">O NOU was really developed as an enrichment toy to combine with snacks.<br>\nIt is <strong>not<\/strong> a chew toy and not suitable for chewing. We do not provide any guarantee for significant chewing damage.<\/p>\n<h3>Washing instructions<\/h3>\n<p>O NOU is easy to wash with a gentle program. Then let them air dry, so don't put them in the dryer! They are easy to vacuum between washes to remove the most dirt.<\/p>\n<h3>Description<\/h3>\n<p>\u00bb The soft texture not only protects the mouth, but also prevents damage to the teeth and gums.<br \/>\n\u00bb The double layer of sturdy material provides extra playing fun so that the toy lasts longer.<br \/>\nEvery fluff toy plays differently, so always supervise your dog or cat when introducing new toys, especially if they're rough playmates. No toy is indestructible; supervise play to ensure safety.<\/p>\n<p>Also check out our other\u00a0<a href=\"https:\/\/lambwolf.co\/\" target=\"_blank\" rel=\"noopener\">Lambwolf<\/a> Collective dog toy products or take a look at our <a href=\"https:\/\/www.lievick.com\/en\/enrichment\/\" target=\"_blank\" rel=\"noopener\">enrichment<\/a> assortment<\/p>","protected":false},"excerpt":{"rendered":"<p data-start=\"135\" data-end=\"190\"><strong>Groot, fluffy en boordevol speelplezier!<\/strong><\/p>\n<p class=\"\" data-start=\"192\" data-end=\"352\">Maak kennis met de <strong data-start=\"211\" data-end=\"220\">O NOU<\/strong>, de grootste variant uit onze vierdelige NOU-collectie! Deze knoopbare toy is gemaakt voor interactief spelen \u2013 samen met jouw fluff.<\/p>\n<p class=\"\" data-start=\"354\" data-end=\"644\">Knoop &#8216;m in een pretzel, maak er een trekspelletje van of verstop snacks tussen de lussen voor een enrichment snuffelspel. Dankzij het eenvoudige design kun je eindeloos vari\u00ebren. Is \u00e9\u00e9n O NOU niet uitdagend genoeg? Combineer er twee (of drie!) en laat je pup echt zijn hersenen gebruiken.<\/p>\n<p class=\"\" data-start=\"646\" data-end=\"799\">The <strong data-start=\"649\" data-end=\"672\">Squeaky Teddy O NOU<\/strong>\u00a0bevat twee extra grote piepers die verschillende geluiden maken afhankelijk van hoe erop gekauwd wordt.<\/p>\n<p class=\"\" data-start=\"801\" data-end=\"861\">Perfect voor creatieve pawrents en energieke snuffelaars!<\/p>\n<p>Formaat: 150 x 5 cm<br \/>\nBeschikbaar in 3 verschillende kleuren | Sage, Mauve &amp; Oat<\/p>\n<p>NOU is ook verkrijgbaar in 3 kleinere varianten (hoe meer NOU, hoe kleiner): <a href=\"https:\/\/www.lievick.com\/en\/shop\/nou\/\" target=\"_blank\" rel=\"noopener\">NOU<\/a>, <a href=\"https:\/\/www.lievick.com\/en\/shop\/nounou\/\" target=\"_blank\" rel=\"noopener\">NOUNOU<\/a> or <a href=\"https:\/\/www.lievick.com\/en\/shop\/nounounou\/\" target=\"_blank\" rel=\"noopener\">NOUNOUNOU<\/a>.<\/p>\n<p> <a class=\"more-link\" href=\"https:\/\/www.lievick.com\/en\/shop\/o-nou\/\">Read more<\/a><\/p>","protected":false},"featured_media":20288,"template":"","meta":[],"product_brand":[1680],"product_cat":[1449],"product_tag":[],"class_list":{"0":"post-14398","1":"product","2":"type-product","3":"status-publish","4":"has-post-thumbnail","6":"product_brand-lambwolf-collective","7":"product_cat-toys","8":"product_shipping_class-pakket","10":"first","11":"instock","12":"taxable","13":"shipping-taxable","14":"purchasable","15":"product-type-variable"},"yoast_head":"<!-- This site is optimized with the Yoast SEO plugin v27.1.1 - https:\/\/yoast.com\/product\/yoast-seo-wordpress\/ -->\n<title>O NOU - Lambwolf hondenspeelgoed Nederland - LIEVICK<\/title>\n<meta name=\"description\" content=\"Onze O NOU serie zorgt voor interactie tussen jou en je fluff. Je kunt beloningssnoepjes verstoppen in de knopen waardoor het ook als enrichment toy werkt\" \/>\n<meta name=\"robots\" content=\"index, follow, max-snippet:-1, max-image-preview:large, max-video-preview:-1\" \/>\n<link rel=\"canonical\" href=\"https:\/\/www.lievick.com\/en\/shop\/o-nou\/\" \/>\n<meta property=\"og:locale\" content=\"en_US\" \/>\n<meta property=\"og:type\" content=\"article\" \/>\n<meta property=\"og:title\" content=\"O NOU - Lambwolf hondenspeelgoed Nederland - LIEVICK\" \/>\n<meta property=\"og:description\" content=\"Onze O NOU serie zorgt voor interactie tussen jou en je fluff. Je kunt beloningssnoepjes verstoppen in de knopen waardoor het ook als enrichment toy werkt\" \/>\n<meta property=\"og:url\" content=\"https:\/\/www.lievick.com\/en\/shop\/o-nou\/\" \/>\n<meta property=\"og:site_name\" content=\"LIEVICK\" \/>\n<meta property=\"article:modified_time\" content=\"2025-10-07T08:46:29+00:00\" \/>\n<meta property=\"og:image\" content=\"https:\/\/www.lievick.com\/wp-content\/uploads\/2022\/01\/Untitled-698.jpg\" \/>\n\t<meta property=\"og:image:width\" content=\"1638\" \/>\n\t<meta property=\"og:image:height\" content=\"2048\" \/>\n\t<meta property=\"og:image:type\" content=\"image\/jpeg\" \/>\n<meta name=\"twitter:card\" content=\"summary_large_image\" \/>\n<meta name=\"twitter:label1\" content=\"Est. reading time\" \/>\n\t<meta name=\"twitter:data1\" content=\"2 minutes\" \/>\n<script type=\"application\/ld+json\" class=\"yoast-schema-graph\">{\"@context\":\"https:\/\/schema.org\",\"@graph\":[{\"@type\":\"WebPage\",\"@id\":\"https:\/\/www.lievick.com\/shop\/o-nou\/\",\"url\":\"https:\/\/www.lievick.com\/shop\/o-nou\/\",\"name\":\"O NOU - Lambwolf hondenspeelgoed Nederland - LIEVICK\",\"isPartOf\":{\"@id\":\"https:\/\/www.lievick.com\/#website\"},\"primaryImageOfPage\":{\"@id\":\"https:\/\/www.lievick.com\/shop\/o-nou\/#primaryimage\"},\"image\":{\"@id\":\"https:\/\/www.lievick.com\/shop\/o-nou\/#primaryimage\"},\"thumbnailUrl\":\"https:\/\/www.lievick.com\/wp-content\/uploads\/2022\/01\/Untitled-698.jpg\",\"datePublished\":\"2022-01-15T18:12:59+00:00\",\"dateModified\":\"2025-10-07T08:46:29+00:00\",\"description\":\"Onze O NOU serie zorgt voor interactie tussen jou en je fluff. Je kunt beloningssnoepjes verstoppen in de knopen waardoor het ook als enrichment toy werkt\",\"breadcrumb\":{\"@id\":\"https:\/\/www.lievick.com\/shop\/o-nou\/#breadcrumb\"},\"inLanguage\":\"en-US\",\"potentialAction\":[{\"@type\":\"ReadAction\",\"target\":[\"https:\/\/www.lievick.com\/shop\/o-nou\/\"]}]},{\"@type\":\"ImageObject\",\"inLanguage\":\"en-US\",\"@id\":\"https:\/\/www.lievick.com\/shop\/o-nou\/#primaryimage\",\"url\":\"https:\/\/www.lievick.com\/wp-content\/uploads\/2022\/01\/Untitled-698.jpg\",\"contentUrl\":\"https:\/\/www.lievick.com\/wp-content\/uploads\/2022\/01\/Untitled-698.jpg\",\"width\":1638,\"height\":2048,\"caption\":\"O NOU SAGE - Lambwolf collective\"},{\"@type\":\"BreadcrumbList\",\"@id\":\"https:\/\/www.lievick.com\/shop\/o-nou\/#breadcrumb\",\"itemListElement\":[{\"@type\":\"ListItem\",\"position\":1,\"name\":\"Home\",\"item\":\"https:\/\/www.lievick.com\/\"},{\"@type\":\"ListItem\",\"position\":2,\"name\":\"SHOP\",\"item\":\"https:\/\/www.lievick.com\/shop\/\"},{\"@type\":\"ListItem\",\"position\":3,\"name\":\"O NOU\"}]},{\"@type\":\"WebSite\",\"@id\":\"https:\/\/www.lievick.com\/#website\",\"url\":\"https:\/\/www.lievick.com\/\",\"name\":\"LIEVICK\",\"description\":\"Voor jou, voor hen, voor je huis.\",\"publisher\":{\"@id\":\"https:\/\/www.lievick.com\/#organization\"},\"potentialAction\":[{\"@type\":\"SearchAction\",\"target\":{\"@type\":\"EntryPoint\",\"urlTemplate\":\"https:\/\/www.lievick.com\/?s={search_term_string}\"},\"query-input\":{\"@type\":\"PropertyValueSpecification\",\"valueRequired\":true,\"valueName\":\"search_term_string\"}}],\"inLanguage\":\"en-US\"},{\"@type\":\"Organization\",\"@id\":\"https:\/\/www.lievick.com\/#organization\",\"name\":\"LIEVICK\",\"url\":\"https:\/\/www.lievick.com\/\",\"logo\":{\"@type\":\"ImageObject\",\"inLanguage\":\"en-US\",\"@id\":\"https:\/\/www.lievick.com\/#\/schema\/logo\/image\/\",\"url\":\"https:\/\/www.lievick.com\/wp-content\/uploads\/2021\/09\/cropped-Logo-lievick-scaled.png\",\"contentUrl\":\"https:\/\/www.lievick.com\/wp-content\/uploads\/2021\/09\/cropped-Logo-lievick-scaled.png\",\"width\":2560,\"height\":2417,\"caption\":\"LIEVICK\"},\"image\":{\"@id\":\"https:\/\/www.lievick.com\/#\/schema\/logo\/image\/\"}}]}<\/script>\n<!-- \/ Yoast SEO plugin. -->","yoast_head_json":{"title":"O NOU - Lambwolf hondenspeelgoed Nederland - LIEVICK","description":"Onze O NOU serie zorgt voor interactie tussen jou en je fluff. Je kunt beloningssnoepjes verstoppen in de knopen waardoor het ook als enrichment toy werkt","robots":{"index":"index","follow":"follow","max-snippet":"max-snippet:-1","max-image-preview":"max-image-preview:large","max-video-preview":"max-video-preview:-1"},"canonical":"https:\/\/www.lievick.com\/en\/shop\/o-nou\/","og_locale":"en_US","og_type":"article","og_title":"O NOU - Lambwolf hondenspeelgoed Nederland - LIEVICK","og_description":"Onze O NOU serie zorgt voor interactie tussen jou en je fluff. Je kunt beloningssnoepjes verstoppen in de knopen waardoor het ook als enrichment toy werkt","og_url":"https:\/\/www.lievick.com\/en\/shop\/o-nou\/","og_site_name":"LIEVICK","article_modified_time":"2025-10-07T08:46:29+00:00","og_image":[{"width":1638,"height":2048,"url":"https:\/\/www.lievick.com\/wp-content\/uploads\/2022\/01\/Untitled-698.jpg","type":"image\/jpeg"}],"twitter_card":"summary_large_image","twitter_misc":{"Est. reading time":"2 minutes"},"schema":{"@context":"https:\/\/schema.org","@graph":[{"@type":"WebPage","@id":"https:\/\/www.lievick.com\/shop\/o-nou\/","url":"https:\/\/www.lievick.com\/shop\/o-nou\/","name":"O NOU - Lambwolf hondenspeelgoed Nederland - LIEVICK","isPartOf":{"@id":"https:\/\/www.lievick.com\/#website"},"primaryImageOfPage":{"@id":"https:\/\/www.lievick.com\/shop\/o-nou\/#primaryimage"},"image":{"@id":"https:\/\/www.lievick.com\/shop\/o-nou\/#primaryimage"},"thumbnailUrl":"https:\/\/www.lievick.com\/wp-content\/uploads\/2022\/01\/Untitled-698.jpg","datePublished":"2022-01-15T18:12:59+00:00","dateModified":"2025-10-07T08:46:29+00:00","description":"Onze O NOU serie zorgt voor interactie tussen jou en je fluff. Je kunt beloningssnoepjes verstoppen in de knopen waardoor het ook als enrichment toy werkt","breadcrumb":{"@id":"https:\/\/www.lievick.com\/shop\/o-nou\/#breadcrumb"},"inLanguage":"en-US","potentialAction":[{"@type":"ReadAction","target":["https:\/\/www.lievick.com\/shop\/o-nou\/"]}]},{"@type":"ImageObject","inLanguage":"en-US","@id":"https:\/\/www.lievick.com\/shop\/o-nou\/#primaryimage","url":"https:\/\/www.lievick.com\/wp-content\/uploads\/2022\/01\/Untitled-698.jpg","contentUrl":"https:\/\/www.lievick.com\/wp-content\/uploads\/2022\/01\/Untitled-698.jpg","width":1638,"height":2048,"caption":"O NOU SAGE - Lambwolf collective"},{"@type":"BreadcrumbList","@id":"https:\/\/www.lievick.com\/shop\/o-nou\/#breadcrumb","itemListElement":[{"@type":"ListItem","position":1,"name":"Home","item":"https:\/\/www.lievick.com\/"},{"@type":"ListItem","position":2,"name":"SHOP","item":"https:\/\/www.lievick.com\/shop\/"},{"@type":"ListItem","position":3,"name":"O NOU"}]},{"@type":"WebSite","@id":"https:\/\/www.lievick.com\/#website","url":"https:\/\/www.lievick.com\/","name":"LIEVICK","description":"For you, for them, for your home.","publisher":{"@id":"https:\/\/www.lievick.com\/#organization"},"potentialAction":[{"@type":"SearchAction","target":{"@type":"EntryPoint","urlTemplate":"https:\/\/www.lievick.com\/?s={search_term_string}"},"query-input":{"@type":"PropertyValueSpecification","valueRequired":true,"valueName":"search_term_string"}}],"inLanguage":"en-US"},{"@type":"Organization","@id":"https:\/\/www.lievick.com\/#organization","name":"LIEVICK","url":"https:\/\/www.lievick.com\/","logo":{"@type":"ImageObject","inLanguage":"en-US","@id":"https:\/\/www.lievick.com\/#\/schema\/logo\/image\/","url":"https:\/\/www.lievick.com\/wp-content\/uploads\/2021\/09\/cropped-Logo-lievick-scaled.png","contentUrl":"https:\/\/www.lievick.com\/wp-content\/uploads\/2021\/09\/cropped-Logo-lievick-scaled.png","width":2560,"height":2417,"caption":"LIEVICK"},"image":{"@id":"https:\/\/www.lievick.com\/#\/schema\/logo\/image\/"}}]}},"_links":{"self":[{"href":"https:\/\/www.lievick.com\/en\/wp-json\/wp\/v2\/product\/14398","targetHints":{"allow":["GET"]}}],"collection":[{"href":"https:\/\/www.lievick.com\/en\/wp-json\/wp\/v2\/product"}],"about":[{"href":"https:\/\/www.lievick.com\/en\/wp-json\/wp\/v2\/types\/product"}],"wp:featuredmedia":[{"embeddable":true,"href":"https:\/\/www.lievick.com\/en\/wp-json\/wp\/v2\/media\/20288"}],"wp:attachment":[{"href":"https:\/\/www.lievick.com\/en\/wp-json\/wp\/v2\/media?parent=14398"}],"wp:term":[{"taxonomy":"product_brand","embeddable":true,"href":"https:\/\/www.lievick.com\/en\/wp-json\/wp\/v2\/product_brand?post=14398"},{"taxonomy":"product_cat","embeddable":true,"href":"https:\/\/www.lievick.com\/en\/wp-json\/wp\/v2\/product_cat?post=14398"},{"taxonomy":"product_tag","embeddable":true,"href":"https:\/\/www.lievick.com\/en\/wp-json\/wp\/v2\/product_tag?post=14398"}],"curies":[{"name":"wp","href":"https:\/\/api.w.org\/{rel}","templated":true}]}}