{"id":23326,"date":"2025-04-17T06:09:09","date_gmt":"2025-04-17T06:09:09","guid":{"rendered":"https:\/\/www.lievick.com\/?post_type=product&#038;p=23326"},"modified":"2026-04-21T11:21:28","modified_gmt":"2026-04-21T11:21:28","slug":"pala-konijn","status":"publish","type":"product","link":"https:\/\/www.lievick.com\/en\/shop\/pala-konijn\/","title":{"rendered":"PALA PETS TREATS | 100% RABBIT"},"content":{"rendered":"<h3><strong>Pala Pets Treats | 100% konijn<br \/>\nDog treats with only one ingredient!<\/strong><\/h3>\n<p>Honden treats gemaakt van 100% konijn &#8211; Konijnenvlees is een hypoallergeen vlees, is vaak geschikt voor honden met allergie\u00ebn en zit boordevol magere eiwitten. Het is rijk aan natuurlijke aminozuren en mineralen zoals ijzer, zink, koper, vitamine B12 en E. Het is een ideale treat voor het versterken van het immuumsysteem en het verbeteren van de spier- en botontwikkeling.<\/p>\n<p>At Pala Pets, they hand-select the high-quality ingredients based on their nutritional value and functionality. They are then air-dried in small batches at low temperatures, resulting in 100% natural and tasty treats with a very high nutritional value.<\/p>\n<p><strong>Pala Pets Treats | 100% eend<\/strong><br \/>\nPala Pets single-ingredient treats are perfect for our furry friends, whether as part of their meals or as a healthy snack. This will be your favorite daily delicious addition!<\/p>\n<p><strong>Ingredi\u00ebnt:<\/strong> 100% konijn<\/p>\n<p><strong>Average analysis<\/strong><br \/>\n100 g: 3847 kcal<\/p>\n<p>Ruwe prote\u00efne 59,4%<br \/>\nRuwe vetten 15,7%<br \/>\nVocht: 12%<br \/>\nRuwe as 11,5%<br \/>\nRuwe koolhydraten 1,4%<\/p>\n<p><strong>Storage advice:<\/strong><br \/>\nBewaar in een droge, koele plek. Na openen zijn de snacks +\/- 3 weken vers.<\/p>\n<p>Exclusief gefabriceerd product door <a href=\"https:\/\/palapets.com\/\" target=\"_blank\" rel=\"noopener\">Pala Pets<\/a> in Estland.<br \/>\nInhoud: 100 gram \/ 3,53 oz<\/p>\n<p>View\u00a0<a href=\"https:\/\/www.lievick.com\/en\/treats\/\" target=\"_blank\" rel=\"noopener\">here<\/a> onze andere toppings en treats, of shop ons <a href=\"https:\/\/www.lievick.com\/en\/enrichment\/\" target=\"_blank\" rel=\"noopener\">enrichment<\/a>\u00a0assortment to complete the meal.<\/p>","protected":false},"excerpt":{"rendered":"<h3><strong>Dog treats with only one ingredient!<\/strong><\/h3>\n<p>Pala Pets single-ingredient treats are perfect for our furry friends, whether as part of their meals or as a healthy snack. This will be your favorite daily delicious addition!<\/p>\n<p>Deze treats voor honden zijn voor 100% gemaakt van konijn &#8211; Konijn is een hypoallergeen vlees en is daardoor vaak geschikt voor honden met allergie\u00ebn. Het zit boordevol magere eiwitten en is rijk\u00a0aan natuurlijke aminozuren en mineralen zoals ijzer, zink, koper, vitamine B12 en E. Het is een ideale treat voor het versterken van het immuumsysteem en het verbeteren van de spier- en botontwikkeling.<\/p>\n<p>At Pala Pets, they hand-select the high-quality ingredients based on their nutritional value and functionality. They are then air-dried in small batches at low temperatures, resulting in 100% natural and tasty treats with a very high nutritional value.<\/p>\n<p>Contents: 100 grams<br \/>\nIngredi\u00ebnt: 100% konijn<\/p>\n<p><strong>These treats are available in 8 delicious flavors <a href=\"https:\/\/www.lievick.com\/en\/treats\/\" target=\"_blank\" rel=\"noopener\">find them here<\/a>!<\/strong><\/p>\n<p> <a class=\"more-link\" href=\"https:\/\/www.lievick.com\/en\/shop\/pala-konijn\/\">Read more<\/a><\/p>","protected":false},"featured_media":23329,"template":"","meta":[],"product_brand":[1690],"product_cat":[1691],"product_tag":[],"class_list":{"0":"post-23326","1":"product","2":"type-product","3":"status-publish","4":"has-post-thumbnail","6":"product_brand-pala-pets","7":"product_cat-treats","8":"product_shipping_class-pakket","10":"first","11":"instock","12":"taxable","13":"shipping-taxable","14":"purchasable","15":"product-type-simple"},"yoast_head":"<!-- This site is optimized with the Yoast SEO plugin v27.5 - https:\/\/yoast.com\/product\/yoast-seo-wordpress\/ -->\n<title>PALA PETS TREATS | 100% KONIJN - LIEVICK<\/title>\n<meta name=\"robots\" content=\"index, follow, max-snippet:-1, max-image-preview:large, max-video-preview:-1\" \/>\n<link rel=\"canonical\" href=\"https:\/\/www.lievick.com\/en\/shop\/pala-konijn\/\" \/>\n<meta property=\"og:locale\" content=\"en_US\" \/>\n<meta property=\"og:type\" content=\"article\" \/>\n<meta property=\"og:title\" content=\"PALA PETS TREATS | 100% KONIJN - LIEVICK\" \/>\n<meta property=\"og:description\" content=\"Honden treats met slechts \u00e9\u00e9n ingredi\u00ebnt Pala Pets treats met \u00e9\u00e9n ingredi\u00ebnt zijn perfect voor onze furriends, of het nou is als onderdeel van hun maaltijden of als gezonde snack. Dit is je favoriete dagelijkse overheerlijke toevoeging!  Deze treats voor honden zijn voor 100% gemaakt van konijn - Konijn is een hypoallergeen vlees en is daardoor vaak geschikt voor honden met allergie\u00ebn. Het zit boordevol magere eiwitten en is rijk\u00a0aan natuurlijke aminozuren en mineralen zoals ijzer, zink, koper, vitamine B12 en E. Het is een ideale treat voor het versterken van het immuumsysteem en het verbeteren van de spier- en botontwikkeling.  Bij Pala Pets selecteren ze zelf de hoogwaardige ingredi\u00ebnten op hun voedingswaarde en functionaliteit. Vervolgens worden ze in kleine hoeveelheden aan de lucht gedroogd bij lage temperaturen, wat resulteert in 100% natuurlijke en smakelijke treats met een zeer hoge voedingswaarde.  Inhoud: 100 gram Ingredi\u00ebnt: 100% konijn  Deze treats zijn verkrijgbaar in 8 heerlijke smaken: bekijk ze hier!\" \/>\n<meta property=\"og:url\" content=\"https:\/\/www.lievick.com\/en\/shop\/pala-konijn\/\" \/>\n<meta property=\"og:site_name\" content=\"LIEVICK\" \/>\n<meta property=\"article:modified_time\" content=\"2026-04-21T11:21:28+00:00\" \/>\n<meta property=\"og:image\" content=\"https:\/\/www.lievick.com\/wp-content\/uploads\/2025\/04\/Scherm\u00adafbeelding-2025-04-04-om-17.33.30-e1743781563363.png\" \/>\n\t<meta property=\"og:image:width\" content=\"800\" \/>\n\t<meta property=\"og:image:height\" content=\"1001\" \/>\n\t<meta property=\"og:image:type\" content=\"image\/png\" \/>\n<meta name=\"twitter:card\" content=\"summary_large_image\" \/>\n<meta name=\"twitter:label1\" content=\"Est. reading time\" \/>\n\t<meta name=\"twitter:data1\" content=\"2 minutes\" \/>\n<script type=\"application\/ld+json\" class=\"yoast-schema-graph\">{\"@context\":\"https:\\\/\\\/schema.org\",\"@graph\":[{\"@type\":\"WebPage\",\"@id\":\"https:\\\/\\\/www.lievick.com\\\/shop\\\/pala-konijn\\\/\",\"url\":\"https:\\\/\\\/www.lievick.com\\\/shop\\\/pala-konijn\\\/\",\"name\":\"PALA PETS TREATS | 100% KONIJN - LIEVICK\",\"isPartOf\":{\"@id\":\"https:\\\/\\\/www.lievick.com\\\/#website\"},\"primaryImageOfPage\":{\"@id\":\"https:\\\/\\\/www.lievick.com\\\/shop\\\/pala-konijn\\\/#primaryimage\"},\"image\":{\"@id\":\"https:\\\/\\\/www.lievick.com\\\/shop\\\/pala-konijn\\\/#primaryimage\"},\"thumbnailUrl\":\"https:\\\/\\\/www.lievick.com\\\/wp-content\\\/uploads\\\/2025\\\/04\\\/Scherm\u00adafbeelding-2025-04-04-om-17.33.30-e1743781563363.png\",\"datePublished\":\"2025-04-17T06:09:09+00:00\",\"dateModified\":\"2026-04-21T11:21:28+00:00\",\"breadcrumb\":{\"@id\":\"https:\\\/\\\/www.lievick.com\\\/shop\\\/pala-konijn\\\/#breadcrumb\"},\"inLanguage\":\"en-US\",\"potentialAction\":[{\"@type\":\"ReadAction\",\"target\":[\"https:\\\/\\\/www.lievick.com\\\/shop\\\/pala-konijn\\\/\"]}]},{\"@type\":\"ImageObject\",\"inLanguage\":\"en-US\",\"@id\":\"https:\\\/\\\/www.lievick.com\\\/shop\\\/pala-konijn\\\/#primaryimage\",\"url\":\"https:\\\/\\\/www.lievick.com\\\/wp-content\\\/uploads\\\/2025\\\/04\\\/Scherm\u00adafbeelding-2025-04-04-om-17.33.30-e1743781563363.png\",\"contentUrl\":\"https:\\\/\\\/www.lievick.com\\\/wp-content\\\/uploads\\\/2025\\\/04\\\/Scherm\u00adafbeelding-2025-04-04-om-17.33.30-e1743781563363.png\",\"width\":1010,\"height\":1264,\"caption\":\"Pala Pets treats - rabbit konijn - honden snoepje\"},{\"@type\":\"BreadcrumbList\",\"@id\":\"https:\\\/\\\/www.lievick.com\\\/shop\\\/pala-konijn\\\/#breadcrumb\",\"itemListElement\":[{\"@type\":\"ListItem\",\"position\":1,\"name\":\"Home\",\"item\":\"https:\\\/\\\/www.lievick.com\\\/\"},{\"@type\":\"ListItem\",\"position\":2,\"name\":\"SHOP\",\"item\":\"https:\\\/\\\/www.lievick.com\\\/shop\\\/\"},{\"@type\":\"ListItem\",\"position\":3,\"name\":\"PALA PETS TREATS | 100% KONIJN\"}]},{\"@type\":\"WebSite\",\"@id\":\"https:\\\/\\\/www.lievick.com\\\/#website\",\"url\":\"https:\\\/\\\/www.lievick.com\\\/\",\"name\":\"LIEVICK\",\"description\":\"Voor jou, voor hen, voor je huis.\",\"publisher\":{\"@id\":\"https:\\\/\\\/www.lievick.com\\\/#organization\"},\"potentialAction\":[{\"@type\":\"SearchAction\",\"target\":{\"@type\":\"EntryPoint\",\"urlTemplate\":\"https:\\\/\\\/www.lievick.com\\\/?s={search_term_string}\"},\"query-input\":{\"@type\":\"PropertyValueSpecification\",\"valueRequired\":true,\"valueName\":\"search_term_string\"}}],\"inLanguage\":\"en-US\"},{\"@type\":\"Organization\",\"@id\":\"https:\\\/\\\/www.lievick.com\\\/#organization\",\"name\":\"LIEVICK\",\"url\":\"https:\\\/\\\/www.lievick.com\\\/\",\"logo\":{\"@type\":\"ImageObject\",\"inLanguage\":\"en-US\",\"@id\":\"https:\\\/\\\/www.lievick.com\\\/#\\\/schema\\\/logo\\\/image\\\/\",\"url\":\"https:\\\/\\\/www.lievick.com\\\/wp-content\\\/uploads\\\/2021\\\/09\\\/cropped-Logo-lievick-scaled.png\",\"contentUrl\":\"https:\\\/\\\/www.lievick.com\\\/wp-content\\\/uploads\\\/2021\\\/09\\\/cropped-Logo-lievick-scaled.png\",\"width\":2560,\"height\":2417,\"caption\":\"LIEVICK\"},\"image\":{\"@id\":\"https:\\\/\\\/www.lievick.com\\\/#\\\/schema\\\/logo\\\/image\\\/\"}}]}<\/script>\n<!-- \/ Yoast SEO plugin. -->","yoast_head_json":{"title":"PALA PETS TREATS | 100% KONIJN - LIEVICK","robots":{"index":"index","follow":"follow","max-snippet":"max-snippet:-1","max-image-preview":"max-image-preview:large","max-video-preview":"max-video-preview:-1"},"canonical":"https:\/\/www.lievick.com\/en\/shop\/pala-konijn\/","og_locale":"en_US","og_type":"article","og_title":"PALA PETS TREATS | 100% KONIJN - LIEVICK","og_description":"Honden treats met slechts \u00e9\u00e9n ingredi\u00ebnt Pala Pets treats met \u00e9\u00e9n ingredi\u00ebnt zijn perfect voor onze furriends, of het nou is als onderdeel van hun maaltijden of als gezonde snack. Dit is je favoriete dagelijkse overheerlijke toevoeging!  Deze treats voor honden zijn voor 100% gemaakt van konijn - Konijn is een hypoallergeen vlees en is daardoor vaak geschikt voor honden met allergie\u00ebn. Het zit boordevol magere eiwitten en is rijk\u00a0aan natuurlijke aminozuren en mineralen zoals ijzer, zink, koper, vitamine B12 en E. Het is een ideale treat voor het versterken van het immuumsysteem en het verbeteren van de spier- en botontwikkeling.  Bij Pala Pets selecteren ze zelf de hoogwaardige ingredi\u00ebnten op hun voedingswaarde en functionaliteit. Vervolgens worden ze in kleine hoeveelheden aan de lucht gedroogd bij lage temperaturen, wat resulteert in 100% natuurlijke en smakelijke treats met een zeer hoge voedingswaarde.  Inhoud: 100 gram Ingredi\u00ebnt: 100% konijn  Deze treats zijn verkrijgbaar in 8 heerlijke smaken: bekijk ze hier!","og_url":"https:\/\/www.lievick.com\/en\/shop\/pala-konijn\/","og_site_name":"LIEVICK","article_modified_time":"2026-04-21T11:21:28+00:00","og_image":[{"url":"https:\/\/www.lievick.com\/wp-content\/uploads\/2025\/04\/Scherm\u00adafbeelding-2025-04-04-om-17.33.30-e1743781563363.png","width":800,"height":1001,"type":"image\/png"}],"twitter_card":"summary_large_image","twitter_misc":{"Est. reading time":"2 minutes"},"schema":{"@context":"https:\/\/schema.org","@graph":[{"@type":"WebPage","@id":"https:\/\/www.lievick.com\/shop\/pala-konijn\/","url":"https:\/\/www.lievick.com\/shop\/pala-konijn\/","name":"PALA PETS TREATS | 100% KONIJN - LIEVICK","isPartOf":{"@id":"https:\/\/www.lievick.com\/#website"},"primaryImageOfPage":{"@id":"https:\/\/www.lievick.com\/shop\/pala-konijn\/#primaryimage"},"image":{"@id":"https:\/\/www.lievick.com\/shop\/pala-konijn\/#primaryimage"},"thumbnailUrl":"https:\/\/www.lievick.com\/wp-content\/uploads\/2025\/04\/Scherm\u00adafbeelding-2025-04-04-om-17.33.30-e1743781563363.png","datePublished":"2025-04-17T06:09:09+00:00","dateModified":"2026-04-21T11:21:28+00:00","breadcrumb":{"@id":"https:\/\/www.lievick.com\/shop\/pala-konijn\/#breadcrumb"},"inLanguage":"en-US","potentialAction":[{"@type":"ReadAction","target":["https:\/\/www.lievick.com\/shop\/pala-konijn\/"]}]},{"@type":"ImageObject","inLanguage":"en-US","@id":"https:\/\/www.lievick.com\/shop\/pala-konijn\/#primaryimage","url":"https:\/\/www.lievick.com\/wp-content\/uploads\/2025\/04\/Scherm\u00adafbeelding-2025-04-04-om-17.33.30-e1743781563363.png","contentUrl":"https:\/\/www.lievick.com\/wp-content\/uploads\/2025\/04\/Scherm\u00adafbeelding-2025-04-04-om-17.33.30-e1743781563363.png","width":1010,"height":1264,"caption":"Pala Pets treats - rabbit konijn - honden snoepje"},{"@type":"BreadcrumbList","@id":"https:\/\/www.lievick.com\/shop\/pala-konijn\/#breadcrumb","itemListElement":[{"@type":"ListItem","position":1,"name":"Home","item":"https:\/\/www.lievick.com\/"},{"@type":"ListItem","position":2,"name":"SHOP","item":"https:\/\/www.lievick.com\/shop\/"},{"@type":"ListItem","position":3,"name":"PALA PETS TREATS | 100% KONIJN"}]},{"@type":"WebSite","@id":"https:\/\/www.lievick.com\/#website","url":"https:\/\/www.lievick.com\/","name":"LIEVICK","description":"For you, for them, for your home.","publisher":{"@id":"https:\/\/www.lievick.com\/#organization"},"potentialAction":[{"@type":"SearchAction","target":{"@type":"EntryPoint","urlTemplate":"https:\/\/www.lievick.com\/?s={search_term_string}"},"query-input":{"@type":"PropertyValueSpecification","valueRequired":true,"valueName":"search_term_string"}}],"inLanguage":"en-US"},{"@type":"Organization","@id":"https:\/\/www.lievick.com\/#organization","name":"LIEVICK","url":"https:\/\/www.lievick.com\/","logo":{"@type":"ImageObject","inLanguage":"en-US","@id":"https:\/\/www.lievick.com\/#\/schema\/logo\/image\/","url":"https:\/\/www.lievick.com\/wp-content\/uploads\/2021\/09\/cropped-Logo-lievick-scaled.png","contentUrl":"https:\/\/www.lievick.com\/wp-content\/uploads\/2021\/09\/cropped-Logo-lievick-scaled.png","width":2560,"height":2417,"caption":"LIEVICK"},"image":{"@id":"https:\/\/www.lievick.com\/#\/schema\/logo\/image\/"}}]}},"_links":{"self":[{"href":"https:\/\/www.lievick.com\/en\/wp-json\/wp\/v2\/product\/23326","targetHints":{"allow":["GET"]}}],"collection":[{"href":"https:\/\/www.lievick.com\/en\/wp-json\/wp\/v2\/product"}],"about":[{"href":"https:\/\/www.lievick.com\/en\/wp-json\/wp\/v2\/types\/product"}],"wp:featuredmedia":[{"embeddable":true,"href":"https:\/\/www.lievick.com\/en\/wp-json\/wp\/v2\/media\/23329"}],"wp:attachment":[{"href":"https:\/\/www.lievick.com\/en\/wp-json\/wp\/v2\/media?parent=23326"}],"wp:term":[{"taxonomy":"product_brand","embeddable":true,"href":"https:\/\/www.lievick.com\/en\/wp-json\/wp\/v2\/product_brand?post=23326"},{"taxonomy":"product_cat","embeddable":true,"href":"https:\/\/www.lievick.com\/en\/wp-json\/wp\/v2\/product_cat?post=23326"},{"taxonomy":"product_tag","embeddable":true,"href":"https:\/\/www.lievick.com\/en\/wp-json\/wp\/v2\/product_tag?post=23326"}],"curies":[{"name":"wp","href":"https:\/\/api.w.org\/{rel}","templated":true}]}}