{"id":23375,"date":"2025-04-17T06:10:01","date_gmt":"2025-04-17T06:10:01","guid":{"rendered":"https:\/\/www.lievick.com\/?post_type=product&#038;p=23375"},"modified":"2026-02-06T17:08:54","modified_gmt":"2026-02-06T17:08:54","slug":"pala-lamslever","status":"publish","type":"product","link":"https:\/\/www.lievick.com\/en\/shop\/pala-lamslever\/","title":{"rendered":"PALA PETS TREATS | 100% LAMB LIVER"},"content":{"rendered":"<h3><strong>Pala Pets Treats | 100% lamslever<br \/>\nDog treats with only one ingredient!<\/strong><\/h3>\n<p>These dog treats are made from 100% lamb liver \u2013 Lamb liver is rich in essential nutrients: high-quality protein, vitamins A and B, iron, copper, and zinc. It supports the immune system and helps maintain healthy skin and coat.<\/p>\n<p>The lamb liver comes in larger pieces than the other flavors. They're perfect for breaking into the desired size for training sessions, as a reward, or simply as a snack!<\/p>\n<p>At Pala Pets, they hand-select the high-quality ingredients based on their nutritional value and functionality. They are then air-dried in small batches at low temperatures, resulting in 100% natural and tasty treats with a very high nutritional value.<\/p>\n<p><strong>Pala Pets Treats | 100% lamslever<\/strong><br \/>\nPala Pets single-ingredient treats are perfect for our furry friends, whether as part of their meals or as a healthy snack. This will be your favorite daily delicious addition!<\/p>\n<p><strong>Ingredi\u00ebnt:<\/strong> 100% lamslever<\/p>\n<p><strong>Average analysis<\/strong><br \/>\n100 g: 4307 kcal<\/p>\n<p>Crude protein 61%<br \/>\nRuwe vetten 17,6%<br \/>\nVocht: 10%<br \/>\nRuwe as 4,3%<br \/>\nRuwe koolhydraten 7,1%<\/p>\n<p><strong>Storage advice:<\/strong><br \/>\nBewaar in een droge, koele plek. Na openen zijn de snacks +\/- 3 weken vers.<\/p>\n<p>Exclusief gefabriceerd product door <a href=\"https:\/\/palapets.com\/\" target=\"_blank\" rel=\"noopener\">Pala Pets<\/a> in Estland.<br \/>\nInhoud: 100 gram \/ 3,53 oz<\/p>\n<p>View\u00a0<a href=\"https:\/\/www.lievick.com\/en\/treats\/\" target=\"_blank\" rel=\"noopener\">here<\/a> onze andere toppings en treats, of shop ons <a href=\"https:\/\/www.lievick.com\/en\/enrichment\/\" target=\"_blank\" rel=\"noopener\">enrichment<\/a>\u00a0assortment to complete the meal.<\/p>","protected":false},"excerpt":{"rendered":"<h3><strong>Dog treats with only one ingredient!<\/strong><\/h3>\n<p>Pala Pets single-ingredient treats are perfect for our furry friends, whether as part of their meals or as a healthy snack. This will be your favorite daily delicious addition!<\/p>\n<p>These dog treats are made from 100% lamb liver \u2013 Lamb liver is rich in essential nutrients: high-quality protein, vitamins A and B, iron, copper, and zinc. It supports the immune system and helps maintain healthy skin and coat.<\/p>\n<p>At Pala Pets, they hand-select the high-quality ingredients based on their nutritional value and functionality. They are then air-dried in small batches at low temperatures, resulting in 100% natural and tasty treats with a very high nutritional value.<\/p>\n<p>Contents: 100 grams<br \/>\nIngredi\u00ebnt: 100% lamslever<\/p>\n<p><strong>These treats are available in 8 delicious flavors <a href=\"https:\/\/www.lievick.com\/en\/treats\/\" target=\"_blank\" rel=\"noopener\">find them here<\/a>!<\/strong><\/p>\n<p> <a class=\"more-link\" href=\"https:\/\/www.lievick.com\/en\/shop\/pala-lamslever\/\">Read more<\/a><\/p>","protected":false},"featured_media":23376,"template":"","meta":[],"product_brand":[1690],"product_cat":[1691],"product_tag":[],"class_list":{"0":"post-23375","1":"product","2":"type-product","3":"status-publish","4":"has-post-thumbnail","6":"product_brand-pala-pets","7":"product_cat-treats","8":"product_shipping_class-pakket","10":"first","11":"instock","12":"taxable","13":"shipping-taxable","14":"purchasable","15":"product-type-simple"},"yoast_head":"<!-- This site is optimized with the Yoast SEO plugin v27.5 - https:\/\/yoast.com\/product\/yoast-seo-wordpress\/ -->\n<title>PALA PETS TREATS | 100% LAMSLEVER - LIEVICK<\/title>\n<meta name=\"robots\" content=\"index, follow, max-snippet:-1, max-image-preview:large, max-video-preview:-1\" \/>\n<link rel=\"canonical\" href=\"https:\/\/www.lievick.com\/en\/shop\/pala-lamslever\/\" \/>\n<meta property=\"og:locale\" content=\"en_US\" \/>\n<meta property=\"og:type\" content=\"article\" \/>\n<meta property=\"og:title\" content=\"PALA PETS TREATS | 100% LAMSLEVER - LIEVICK\" \/>\n<meta property=\"og:description\" content=\"Honden treats met slechts \u00e9\u00e9n ingredi\u00ebnt Pala Pets treats met \u00e9\u00e9n ingredi\u00ebnt zijn perfect voor onze furriends, of het nou is als onderdeel van hun maaltijden of als gezonde snack. Dit is je favoriete dagelijkse overheerlijke toevoeging!  Deze treats voor honden zijn voor 100% gemaakt van lamslever -\u00a0Lamslever is rijk aan essenti\u00eble voedingsstoffen: hoogwaardige eiwitten, vitamine A en B, ijzer, koper en zink. Ze ondersteunen het immuunsysteem en helpt bij de gezondheid van de huid en vacht.  Bij Pala Pets selecteren ze zelf de hoogwaardige ingredi\u00ebnten op hun voedingswaarde en functionaliteit. Vervolgens worden ze in kleine hoeveelheden aan de lucht gedroogd bij lage temperaturen, wat resulteert in 100% natuurlijke en smakelijke treats met een zeer hoge voedingswaarde.  Inhoud: 100 gram Ingredi\u00ebnt: 100% lamslever  Deze treats zijn verkrijgbaar in 8 heerlijke smaken: bekijk ze hier!\" \/>\n<meta property=\"og:url\" content=\"https:\/\/www.lievick.com\/en\/shop\/pala-lamslever\/\" \/>\n<meta property=\"og:site_name\" content=\"LIEVICK\" \/>\n<meta property=\"article:modified_time\" content=\"2026-02-06T17:08:54+00:00\" \/>\n<meta property=\"og:image\" content=\"https:\/\/www.lievick.com\/wp-content\/uploads\/2025\/04\/Leila-Luodemaa-webB00A2906-e1744022467856.jpg\" \/>\n\t<meta property=\"og:image:width\" content=\"1280\" \/>\n\t<meta property=\"og:image:height\" content=\"1600\" \/>\n\t<meta property=\"og:image:type\" content=\"image\/jpeg\" \/>\n<meta name=\"twitter:card\" content=\"summary_large_image\" \/>\n<meta name=\"twitter:label1\" content=\"Est. reading time\" \/>\n\t<meta name=\"twitter:data1\" content=\"2 minutes\" \/>\n<script type=\"application\/ld+json\" class=\"yoast-schema-graph\">{\"@context\":\"https:\\\/\\\/schema.org\",\"@graph\":[{\"@type\":\"WebPage\",\"@id\":\"https:\\\/\\\/www.lievick.com\\\/shop\\\/pala-lamslever\\\/\",\"url\":\"https:\\\/\\\/www.lievick.com\\\/shop\\\/pala-lamslever\\\/\",\"name\":\"PALA PETS TREATS | 100% LAMSLEVER - LIEVICK\",\"isPartOf\":{\"@id\":\"https:\\\/\\\/www.lievick.com\\\/#website\"},\"primaryImageOfPage\":{\"@id\":\"https:\\\/\\\/www.lievick.com\\\/shop\\\/pala-lamslever\\\/#primaryimage\"},\"image\":{\"@id\":\"https:\\\/\\\/www.lievick.com\\\/shop\\\/pala-lamslever\\\/#primaryimage\"},\"thumbnailUrl\":\"https:\\\/\\\/www.lievick.com\\\/wp-content\\\/uploads\\\/2025\\\/04\\\/Leila-Luodemaa-webB00A2906-e1744022467856.jpg\",\"datePublished\":\"2025-04-17T06:10:01+00:00\",\"dateModified\":\"2026-02-06T17:08:54+00:00\",\"breadcrumb\":{\"@id\":\"https:\\\/\\\/www.lievick.com\\\/shop\\\/pala-lamslever\\\/#breadcrumb\"},\"inLanguage\":\"en-US\",\"potentialAction\":[{\"@type\":\"ReadAction\",\"target\":[\"https:\\\/\\\/www.lievick.com\\\/shop\\\/pala-lamslever\\\/\"]}]},{\"@type\":\"ImageObject\",\"inLanguage\":\"en-US\",\"@id\":\"https:\\\/\\\/www.lievick.com\\\/shop\\\/pala-lamslever\\\/#primaryimage\",\"url\":\"https:\\\/\\\/www.lievick.com\\\/wp-content\\\/uploads\\\/2025\\\/04\\\/Leila-Luodemaa-webB00A2906-e1744022467856.jpg\",\"contentUrl\":\"https:\\\/\\\/www.lievick.com\\\/wp-content\\\/uploads\\\/2025\\\/04\\\/Leila-Luodemaa-webB00A2906-e1744022467856.jpg\",\"width\":1280,\"height\":1600,\"caption\":\"Pala Pets treats - lam liver, lamslever - honden snoepje\"},{\"@type\":\"BreadcrumbList\",\"@id\":\"https:\\\/\\\/www.lievick.com\\\/shop\\\/pala-lamslever\\\/#breadcrumb\",\"itemListElement\":[{\"@type\":\"ListItem\",\"position\":1,\"name\":\"Home\",\"item\":\"https:\\\/\\\/www.lievick.com\\\/\"},{\"@type\":\"ListItem\",\"position\":2,\"name\":\"SHOP\",\"item\":\"https:\\\/\\\/www.lievick.com\\\/shop\\\/\"},{\"@type\":\"ListItem\",\"position\":3,\"name\":\"PALA PETS TREATS | 100% LAMSLEVER\"}]},{\"@type\":\"WebSite\",\"@id\":\"https:\\\/\\\/www.lievick.com\\\/#website\",\"url\":\"https:\\\/\\\/www.lievick.com\\\/\",\"name\":\"LIEVICK\",\"description\":\"Voor jou, voor hen, voor je huis.\",\"publisher\":{\"@id\":\"https:\\\/\\\/www.lievick.com\\\/#organization\"},\"potentialAction\":[{\"@type\":\"SearchAction\",\"target\":{\"@type\":\"EntryPoint\",\"urlTemplate\":\"https:\\\/\\\/www.lievick.com\\\/?s={search_term_string}\"},\"query-input\":{\"@type\":\"PropertyValueSpecification\",\"valueRequired\":true,\"valueName\":\"search_term_string\"}}],\"inLanguage\":\"en-US\"},{\"@type\":\"Organization\",\"@id\":\"https:\\\/\\\/www.lievick.com\\\/#organization\",\"name\":\"LIEVICK\",\"url\":\"https:\\\/\\\/www.lievick.com\\\/\",\"logo\":{\"@type\":\"ImageObject\",\"inLanguage\":\"en-US\",\"@id\":\"https:\\\/\\\/www.lievick.com\\\/#\\\/schema\\\/logo\\\/image\\\/\",\"url\":\"https:\\\/\\\/www.lievick.com\\\/wp-content\\\/uploads\\\/2021\\\/09\\\/cropped-Logo-lievick-scaled.png\",\"contentUrl\":\"https:\\\/\\\/www.lievick.com\\\/wp-content\\\/uploads\\\/2021\\\/09\\\/cropped-Logo-lievick-scaled.png\",\"width\":2560,\"height\":2417,\"caption\":\"LIEVICK\"},\"image\":{\"@id\":\"https:\\\/\\\/www.lievick.com\\\/#\\\/schema\\\/logo\\\/image\\\/\"}}]}<\/script>\n<!-- \/ Yoast SEO plugin. -->","yoast_head_json":{"title":"PALA PETS TREATS | 100% LAMSLEVER - LIEVICK","robots":{"index":"index","follow":"follow","max-snippet":"max-snippet:-1","max-image-preview":"max-image-preview:large","max-video-preview":"max-video-preview:-1"},"canonical":"https:\/\/www.lievick.com\/en\/shop\/pala-lamslever\/","og_locale":"en_US","og_type":"article","og_title":"PALA PETS TREATS | 100% LAMSLEVER - LIEVICK","og_description":"Honden treats met slechts \u00e9\u00e9n ingredi\u00ebnt Pala Pets treats met \u00e9\u00e9n ingredi\u00ebnt zijn perfect voor onze furriends, of het nou is als onderdeel van hun maaltijden of als gezonde snack. Dit is je favoriete dagelijkse overheerlijke toevoeging!  Deze treats voor honden zijn voor 100% gemaakt van lamslever -\u00a0Lamslever is rijk aan essenti\u00eble voedingsstoffen: hoogwaardige eiwitten, vitamine A en B, ijzer, koper en zink. Ze ondersteunen het immuunsysteem en helpt bij de gezondheid van de huid en vacht.  Bij Pala Pets selecteren ze zelf de hoogwaardige ingredi\u00ebnten op hun voedingswaarde en functionaliteit. Vervolgens worden ze in kleine hoeveelheden aan de lucht gedroogd bij lage temperaturen, wat resulteert in 100% natuurlijke en smakelijke treats met een zeer hoge voedingswaarde.  Inhoud: 100 gram Ingredi\u00ebnt: 100% lamslever  Deze treats zijn verkrijgbaar in 8 heerlijke smaken: bekijk ze hier!","og_url":"https:\/\/www.lievick.com\/en\/shop\/pala-lamslever\/","og_site_name":"LIEVICK","article_modified_time":"2026-02-06T17:08:54+00:00","og_image":[{"width":1280,"height":1600,"url":"https:\/\/www.lievick.com\/wp-content\/uploads\/2025\/04\/Leila-Luodemaa-webB00A2906-e1744022467856.jpg","type":"image\/jpeg"}],"twitter_card":"summary_large_image","twitter_misc":{"Est. reading time":"2 minutes"},"schema":{"@context":"https:\/\/schema.org","@graph":[{"@type":"WebPage","@id":"https:\/\/www.lievick.com\/shop\/pala-lamslever\/","url":"https:\/\/www.lievick.com\/shop\/pala-lamslever\/","name":"PALA PETS TREATS | 100% LAMSLEVER - LIEVICK","isPartOf":{"@id":"https:\/\/www.lievick.com\/#website"},"primaryImageOfPage":{"@id":"https:\/\/www.lievick.com\/shop\/pala-lamslever\/#primaryimage"},"image":{"@id":"https:\/\/www.lievick.com\/shop\/pala-lamslever\/#primaryimage"},"thumbnailUrl":"https:\/\/www.lievick.com\/wp-content\/uploads\/2025\/04\/Leila-Luodemaa-webB00A2906-e1744022467856.jpg","datePublished":"2025-04-17T06:10:01+00:00","dateModified":"2026-02-06T17:08:54+00:00","breadcrumb":{"@id":"https:\/\/www.lievick.com\/shop\/pala-lamslever\/#breadcrumb"},"inLanguage":"en-US","potentialAction":[{"@type":"ReadAction","target":["https:\/\/www.lievick.com\/shop\/pala-lamslever\/"]}]},{"@type":"ImageObject","inLanguage":"en-US","@id":"https:\/\/www.lievick.com\/shop\/pala-lamslever\/#primaryimage","url":"https:\/\/www.lievick.com\/wp-content\/uploads\/2025\/04\/Leila-Luodemaa-webB00A2906-e1744022467856.jpg","contentUrl":"https:\/\/www.lievick.com\/wp-content\/uploads\/2025\/04\/Leila-Luodemaa-webB00A2906-e1744022467856.jpg","width":1280,"height":1600,"caption":"Pala Pets treats - lam liver, lamslever - honden snoepje"},{"@type":"BreadcrumbList","@id":"https:\/\/www.lievick.com\/shop\/pala-lamslever\/#breadcrumb","itemListElement":[{"@type":"ListItem","position":1,"name":"Home","item":"https:\/\/www.lievick.com\/"},{"@type":"ListItem","position":2,"name":"SHOP","item":"https:\/\/www.lievick.com\/shop\/"},{"@type":"ListItem","position":3,"name":"PALA PETS TREATS | 100% LAMSLEVER"}]},{"@type":"WebSite","@id":"https:\/\/www.lievick.com\/#website","url":"https:\/\/www.lievick.com\/","name":"LIEVICK","description":"For you, for them, for your home.","publisher":{"@id":"https:\/\/www.lievick.com\/#organization"},"potentialAction":[{"@type":"SearchAction","target":{"@type":"EntryPoint","urlTemplate":"https:\/\/www.lievick.com\/?s={search_term_string}"},"query-input":{"@type":"PropertyValueSpecification","valueRequired":true,"valueName":"search_term_string"}}],"inLanguage":"en-US"},{"@type":"Organization","@id":"https:\/\/www.lievick.com\/#organization","name":"LIEVICK","url":"https:\/\/www.lievick.com\/","logo":{"@type":"ImageObject","inLanguage":"en-US","@id":"https:\/\/www.lievick.com\/#\/schema\/logo\/image\/","url":"https:\/\/www.lievick.com\/wp-content\/uploads\/2021\/09\/cropped-Logo-lievick-scaled.png","contentUrl":"https:\/\/www.lievick.com\/wp-content\/uploads\/2021\/09\/cropped-Logo-lievick-scaled.png","width":2560,"height":2417,"caption":"LIEVICK"},"image":{"@id":"https:\/\/www.lievick.com\/#\/schema\/logo\/image\/"}}]}},"_links":{"self":[{"href":"https:\/\/www.lievick.com\/en\/wp-json\/wp\/v2\/product\/23375","targetHints":{"allow":["GET"]}}],"collection":[{"href":"https:\/\/www.lievick.com\/en\/wp-json\/wp\/v2\/product"}],"about":[{"href":"https:\/\/www.lievick.com\/en\/wp-json\/wp\/v2\/types\/product"}],"wp:featuredmedia":[{"embeddable":true,"href":"https:\/\/www.lievick.com\/en\/wp-json\/wp\/v2\/media\/23376"}],"wp:attachment":[{"href":"https:\/\/www.lievick.com\/en\/wp-json\/wp\/v2\/media?parent=23375"}],"wp:term":[{"taxonomy":"product_brand","embeddable":true,"href":"https:\/\/www.lievick.com\/en\/wp-json\/wp\/v2\/product_brand?post=23375"},{"taxonomy":"product_cat","embeddable":true,"href":"https:\/\/www.lievick.com\/en\/wp-json\/wp\/v2\/product_cat?post=23375"},{"taxonomy":"product_tag","embeddable":true,"href":"https:\/\/www.lievick.com\/en\/wp-json\/wp\/v2\/product_tag?post=23375"}],"curies":[{"name":"wp","href":"https:\/\/api.w.org\/{rel}","templated":true}]}}